{"id":24,"date":"2021-05-11T11:44:17","date_gmt":"2021-05-11T09:44:17","guid":{"rendered":"https:\/\/paul-logistik.com\/?page_id=24"},"modified":"2022-05-18T10:21:08","modified_gmt":"2022-05-18T08:21:08","slug":"karriere","status":"publish","type":"page","link":"https:\/\/paul-logistik.com\/de\/karriere\/","title":{"rendered":"Karriere"},"content":{"rendered":"<div class=\"fusion-fullwidth fullwidth-box fusion-builder-row-1 fusion-flex-container nonhundred-percent-fullwidth non-hundred-percent-height-scrolling\" style=\"background-color: rgba(255,255,255,0);background-position: left top;background-repeat: no-repeat;border-width: 0px 0px 0px 0px;border-color:#e2e2e2;border-style:solid;\" ><div class=\"fusion-builder-row fusion-row fusion-flex-align-items-stretch\" style=\"max-width:1248px;margin-left: calc(-4% \/ 2 );margin-right: calc(-4% \/ 2 );\"><div class=\"fusion-layout-column fusion_builder_column fusion-builder-column-0 fusion_builder_column_1_1 1_1 fusion-flex-column green-border rounded-border\"><div class=\"fusion-column-wrapper fusion-flex-justify-content-flex-start fusion-content-layout-column\" style=\"background-position:left top;background-repeat:no-repeat;-webkit-background-size:cover;-moz-background-size:cover;-o-background-size:cover;background-size:cover;background-color:#ffffff;padding: 0px 60px 0px 60px;\"><style type=\"text\/css\">@media only screen and (max-width:1024px) {.fusion-title.fusion-title-1{margin-top:10px!important; margin-right:0px!important;margin-bottom:30px!important;margin-left:0px!important;}}@media only screen and (max-width:640px) {.fusion-title.fusion-title-1{margin-top:10px!important; margin-right:0px!important;margin-bottom:10px!important; margin-left:0px!important;}}<\/style><div class=\"fusion-title title fusion-title-1 fusion-sep-none fusion-title-text fusion-title-size-two\" style=\"margin-top:10px;margin-right:0px;margin-bottom:30px;margin-left:0px;\"><h2 class=\"title-heading-left\" style=\"margin:0;color:#0059b9;\">Treten Sie unserem Team bei<\/h2><\/div><div class=\"fusion-text fusion-text-1\"><p>Sie beliefern die Kunden namhafter Versandh\u00e4user mit M\u00f6beln und Elektrogro\u00dfger\u00e4ten im 2-Mann-Team und erbringen Serviceleistungen wie Verpackungsentfernung und Kleinmontagen. Die vom Lagerpersonal vorgeladenen Tagestouren starten in 01259 Dresden zwischen 6:00 Uhr<br \/>\nund 8:00 Uhr.<\/p>\n<p>Zur Ausstattung geh\u00f6ren moderne Fahrzeuge MB Atego, sowie MB Sprinter 3,5to mit hochwertigen Scannern, Telefonen, bew\u00e4hrten Verpackungshilfen, Sackkarren und bei hochgewichtigen Lieferartikeln elektrische Treppensteiger. Diese T\u00e4tigkeit ist eine<br \/>\ntrinkgeldintensive mit vielen M\u00f6glichkeiten zur Weiterbildung (M\u00f6belmontage, K\u00fcchenmontage, Fachkraft festgelegte T\u00e4tigkeiten (Herd-Anschluss), M\u00f6belkundendienst, Verlademeister, Einbau Elektrogro\u00dfger\u00e4te).<\/p>\n<\/div><style type=\"text\/css\">@media only screen and (max-width:1024px) {.fusion-title.fusion-title-2{margin-top:10px!important; margin-right:0px!important;margin-bottom:10px!important;margin-left:0px!important;}}@media only screen and (max-width:640px) {.fusion-title.fusion-title-2{margin-top:10px!important; margin-right:0px!important;margin-bottom:10px!important; margin-left:0px!important;}}<\/style><div class=\"fusion-title title fusion-title-2 fusion-sep-none fusion-title-text fusion-title-size-two\" style=\"margin-top:10px;margin-right:0px;margin-bottom:10px;margin-left:0px;\"><h2 class=\"title-heading-left\" style=\"margin:0;color:#0059b9;\">Wir bieten Ihnen<\/h2><\/div><div class=\"fusion-text fusion-text-2\"><p>Strukturierte Abl\u00e4ufe, p\u00fcnktliche Zahlung, sichere und moderne Arbeitsmittel, ein nettes Team und flache Hierarchien, sowie Aufstiegsm\u00f6glichkeiten zum Schichtf\u00fchrer in Tag \u2013 oder Nachtschicht. Je nach Erfordernis oder Planungsspielraum stimmen wir die Einsatzzeiten gern im w\u00f6chentlichen Wechsel ab.<\/p>\n<p>Auf Ihre Bewerbung als Disponent\/in bzw. kaufm\u00e4nnischer Angestellter\/in, Fachkraft f\u00fcr Lagerlogistik oder Berufskraftfahrer, gern auch initiativ, freuen wir uns per E-Mail (bewerbung(at)paul-logistik.net). <strong>Wir ber\u00fccksichtigen ausschlie\u00dflich PDF-Dateien.<\/strong> F\u00fcr R\u00fcckfragen erreichen Sie <strong>Herrn Kobst\u00e4dt telefonisch unter <a href=\"http:\/\/+4935121076915\">+49 351 21076915<\/a><\/strong><\/p>\n<\/div><div class=\"fusion-separator fusion-full-width-sep\" style=\"align-self: center;margin-left: auto;margin-right: auto;margin-top:20px;width:100%;\"><div class=\"fusion-separator-border sep-single sep-solid\" style=\"border-color:#e2e2e2;border-top-width:1px;\"><\/div><\/div><\/div><style type=\"text\/css\">.fusion-body .fusion-builder-column-0{width:100% !important;margin-top : 0px;margin-bottom : 20px;}.fusion-builder-column-0 > .fusion-column-wrapper {padding-top : 0px !important;padding-right : 60px !important;margin-right : 1.92%;padding-bottom : 0px !important;padding-left : 60px !important;margin-left : 1.92%;}@media only screen and (max-width:1024px) {.fusion-body .fusion-builder-column-0{width:100% !important;}.fusion-builder-column-0 > .fusion-column-wrapper {margin-right : 1.92%;margin-left : 1.92%;}}@media only screen and (max-width:640px) {.fusion-body .fusion-builder-column-0{width:100% !important;}.fusion-builder-column-0 > .fusion-column-wrapper {margin-right : 1.92%;margin-left : 1.92%;}}<\/style><\/div><div class=\"fusion-layout-column fusion_builder_column fusion-builder-column-1 fusion_builder_column_1_2 1_2 fusion-flex-column rounded-border\"><div class=\"fusion-column-wrapper fusion-flex-justify-content-flex-start fusion-content-layout-column\" style=\"background-position:left top;background-repeat:no-repeat;-webkit-background-size:cover;-moz-background-size:cover;-o-background-size:cover;background-size:cover;background-color:#ffffff;padding: 0px 60px 10px 60px;\"><style type=\"text\/css\">@media only screen and (max-width:1024px) {.fusion-title.fusion-title-3{margin-top:10px!important; margin-right:0px!important;margin-bottom:10px!important;margin-left:0px!important;}}@media only screen and (max-width:640px) {.fusion-title.fusion-title-3{margin-top:10px!important; margin-right:0px!important;margin-bottom:10px!important; margin-left:0px!important;}}<\/style><div class=\"fusion-title title fusion-title-3 fusion-sep-none fusion-title-text fusion-title-size-three\" style=\"margin-top:10px;margin-right:0px;margin-bottom:10px;margin-left:0px;\"><h3 class=\"title-heading-left\" style=\"margin:0;color:#0059b9;\">Mitarbeiter f\u00fcr Lagert\u00e4tigkeit<\/h3><\/div><style type=\"text\/css\">@media only screen and (max-width:1024px) {.fusion-title.fusion-title-4{margin-top:10px!important; margin-right:0px!important;margin-bottom:20px!important;margin-left:0px!important;}}@media only screen and (max-width:640px) {.fusion-title.fusion-title-4{margin-top:10px!important; margin-right:0px!important;margin-bottom:20px!important; margin-left:0px!important;}}<\/style><div class=\"fusion-title title fusion-title-4 fusion-sep-none fusion-title-text fusion-title-size-five\" style=\"margin-top:10px;margin-right:0px;margin-bottom:20px;margin-left:0px;\"><h5 class=\"title-heading-left\" style=\"margin:0;\">Logistik &#8211; Dresden<\/h5><\/div><div class=\"fusion-text fusion-text-3\"><p class=\"p1\">In Vollzeit oder Teilzeit. Die T\u00e4tigkeiten umfassen die Be\u2013 und Entladung von Gro\u00dfst\u00fcckartikeln und das Verbringen dieser Sendungen an den vorbestimmten Lagerort. Diese T\u00e4tigkeiten eignen sich auch f\u00fcr Studenten und Kurzarbeiter.<\/p>\n<\/div><div class=\"fusion-text fusion-text-4\"><p>E-Mail Bewerbung an: bewerbung(at)paul-logistik.net<\/p>\n<\/div><\/div><style type=\"text\/css\">.fusion-body .fusion-builder-column-1{width:50% !important;margin-top : 0px;margin-bottom : 20px;}.fusion-builder-column-1 > .fusion-column-wrapper {padding-top : 0px !important;padding-right : 60px !important;margin-right : 3.84%;padding-bottom : 10px !important;padding-left : 60px !important;margin-left : 3.84%;}@media only screen and (max-width:1024px) {.fusion-body .fusion-builder-column-1{width:50% !important;}.fusion-builder-column-1 > .fusion-column-wrapper {margin-right : 3.84%;margin-left : 3.84%;}}@media only screen and (max-width:640px) {.fusion-body .fusion-builder-column-1{width:100% !important;}.fusion-builder-column-1 > .fusion-column-wrapper {margin-right : 1.92%;margin-left : 1.92%;}}<\/style><\/div><div class=\"fusion-layout-column fusion_builder_column fusion-builder-column-2 fusion_builder_column_1_2 1_2 fusion-flex-column rounded-border\"><div class=\"fusion-column-wrapper fusion-flex-justify-content-flex-start fusion-content-layout-column\" style=\"background-position:left top;background-repeat:no-repeat;-webkit-background-size:cover;-moz-background-size:cover;-o-background-size:cover;background-size:cover;background-color:#ffffff;padding: 0px 60px 10px 60px;\"><style type=\"text\/css\">@media only screen and (max-width:1024px) {.fusion-title.fusion-title-5{margin-top:10px!important; margin-right:0px!important;margin-bottom:10px!important;margin-left:0px!important;}}@media only screen and (max-width:640px) {.fusion-title.fusion-title-5{margin-top:10px!important; margin-right:0px!important;margin-bottom:10px!important; margin-left:0px!important;}}<\/style><div class=\"fusion-title title fusion-title-5 fusion-sep-none fusion-title-text fusion-title-size-three\" style=\"margin-top:10px;margin-right:0px;margin-bottom:10px;margin-left:0px;\"><h3 class=\"title-heading-left\" style=\"margin:0;color:#0059b9;\">Mitarbeiter Kundenbetreuer\/Sachbearbeiter<\/h3><\/div><style type=\"text\/css\">@media only screen and (max-width:1024px) {.fusion-title.fusion-title-6{margin-top:10px!important; margin-right:0px!important;margin-bottom:20px!important;margin-left:0px!important;}}@media only screen and (max-width:640px) {.fusion-title.fusion-title-6{margin-top:10px!important; margin-right:0px!important;margin-bottom:20px!important; margin-left:0px!important;}}<\/style><div class=\"fusion-title title fusion-title-6 fusion-sep-none fusion-title-text fusion-title-size-five\" style=\"margin-top:10px;margin-right:0px;margin-bottom:20px;margin-left:0px;\"><h5 class=\"title-heading-left\" style=\"margin:0;\">Logistik &#8211; Dresden<\/h5><\/div><div class=\"fusion-text fusion-text-5\"><p>Deshalb suchen wir f\u00fcr die Bew\u00e4ltigung unserer Aufgaben ab sofort Mitarbeiter in der Kundenbetreuung, gern mit ersten Kenntnissen in der Disposition.<br \/>\nZu den Aufgaben z\u00e4hlen Kundentelefonie und diverse Sachbearbeitung, eventuell auch das Erstellen von Rechnungen und Bearbeiten der Lieferpapiere.<\/p>\n<\/div><div class=\"fusion-text fusion-text-6\"><p>E-Mail Bewerbung an: bewerbung(at)paul-logistik.net<\/p>\n<\/div><\/div><style type=\"text\/css\">.fusion-body .fusion-builder-column-2{width:50% !important;margin-top : 0px;margin-bottom : 20px;}.fusion-builder-column-2 > .fusion-column-wrapper {padding-top : 0px !important;padding-right : 60px !important;margin-right : 3.84%;padding-bottom : 10px !important;padding-left : 60px !important;margin-left : 3.84%;}@media only screen and (max-width:1024px) {.fusion-body .fusion-builder-column-2{width:50% !important;order : 0;}.fusion-builder-column-2 > .fusion-column-wrapper {margin-right : 3.84%;margin-left : 3.84%;}}@media only screen and (max-width:640px) {.fusion-body .fusion-builder-column-2{width:100% !important;order : 0;}.fusion-builder-column-2 > .fusion-column-wrapper {margin-right : 1.92%;margin-left : 1.92%;}}<\/style><\/div><\/div><style type=\"text\/css\">.fusion-body .fusion-flex-container.fusion-builder-row-1{ padding-top : 60px;margin-top : 0px;padding-right : 0px;padding-bottom : 40px;margin-bottom : 0px;padding-left : 0px;}@media only screen and (max-width:640px) {.fusion-body .fusion-flex-container.fusion-builder-row-1{ padding-top : 48px;padding-bottom : 24px;}}<\/style><\/div>\n","protected":false},"excerpt":{"rendered":"","protected":false},"author":1,"featured_media":0,"parent":0,"menu_order":0,"comment_status":"closed","ping_status":"closed","template":"100-width.php","meta":{"footnotes":""},"class_list":["post-24","page","type-page","status-publish","hentry"],"_links":{"self":[{"href":"https:\/\/paul-logistik.com\/de\/wp-json\/wp\/v2\/pages\/24","targetHints":{"allow":["GET"]}}],"collection":[{"href":"https:\/\/paul-logistik.com\/de\/wp-json\/wp\/v2\/pages"}],"about":[{"href":"https:\/\/paul-logistik.com\/de\/wp-json\/wp\/v2\/types\/page"}],"author":[{"embeddable":true,"href":"https:\/\/paul-logistik.com\/de\/wp-json\/wp\/v2\/users\/1"}],"replies":[{"embeddable":true,"href":"https:\/\/paul-logistik.com\/de\/wp-json\/wp\/v2\/comments?post=24"}],"version-history":[{"count":9,"href":"https:\/\/paul-logistik.com\/de\/wp-json\/wp\/v2\/pages\/24\/revisions"}],"predecessor-version":[{"id":334,"href":"https:\/\/paul-logistik.com\/de\/wp-json\/wp\/v2\/pages\/24\/revisions\/334"}],"wp:attachment":[{"href":"https:\/\/paul-logistik.com\/de\/wp-json\/wp\/v2\/media?parent=24"}],"curies":[{"name":"wp","href":"https:\/\/api.w.org\/{rel}","templated":true}]}}