{"id":18,"date":"2021-05-11T11:42:05","date_gmt":"2021-05-11T09:42:05","guid":{"rendered":"https:\/\/paul-logistik.com\/?page_id=18"},"modified":"2022-02-22T12:05:39","modified_gmt":"2022-02-22T11:05:39","slug":"datenschutz","status":"publish","type":"page","link":"https:\/\/paul-logistik.com\/de\/datenschutz\/","title":{"rendered":"Datenschutz"},"content":{"rendered":"<div class=\"fusion-fullwidth fullwidth-box fusion-builder-row-1 fusion-flex-container nonhundred-percent-fullwidth non-hundred-percent-height-scrolling\" style=\"background-color: rgba(255,255,255,0);background-position: center center;background-repeat: no-repeat;border-width: 0px 0px 0px 0px;border-color:#e2e2e2;border-style:solid;\" ><div class=\"fusion-builder-row fusion-row fusion-flex-align-items-flex-start\" style=\"max-width:1248px;margin-left: calc(-4% \/ 2 );margin-right: calc(-4% \/ 2 );\"><div class=\"fusion-layout-column fusion_builder_column fusion-builder-column-0 fusion_builder_column_1_1 1_1 fusion-flex-column\"><div class=\"fusion-column-wrapper fusion-flex-justify-content-flex-start fusion-content-layout-column\" style=\"background-position:left top;background-repeat:no-repeat;-webkit-background-size:cover;-moz-background-size:cover;-o-background-size:cover;background-size:cover;padding: 0px 0px 0px 0px;\"><div class=\"fusion-text fusion-text-1\"><h2 class=\"p2\">Datenschutzerkl\u00e4rung<\/h2>\n<p class=\"p3\"><b>1. Datenschutz auf einen Blick <\/b><\/p>\n<p class=\"p4\">Die nachfolgenden Hinweise geben einen einfachen \u00dcberblick dar\u00fcber, was mit Ihren personenbezogenen Daten passiert, wenn Sie unsere Website besuchen.<\/p>\n<p class=\"p4\"><b>Wie erfassen wir Ihre Daten? <\/b>Ihre Daten werden zum einen dadurch erhoben, dass Sie uns diese mitteilen. Hierbei kann es sich z.B. um Daten handeln, die Sie in ein Kontaktformular eingeben.<\/p>\n<p class=\"p4\">Andere Daten werden automatisch beim Besuch der Website durch unsere IT-Systeme erfasst.<\/p>\n<p class=\"p4\">Das sind vor allem technische Daten (z.B. Internetbrowser, Betriebssystem oder Uhrzeit des Seitenaufrufs). Die Erfassung dieser Daten erfolgt automatisch, sobald Sie unsere Website betreten.<\/p>\n<p class=\"p4\"><b>Wof\u00fcr nutzen wir Ihre Daten? <\/b>Ein Teil der Daten wird erhoben, um eine fehlerfreie Bereitstellung der Website zu gew\u00e4hrleisten. Wenn Sie uns Ihre Daten mitteilen (z.B. \u00fcber das Kontaktformular) geschieht das in der Regel deshalb, damit wir mit Ihnen Kontakt aufnehmen k\u00f6nnen oder damit Sie eine unserer Dienstleistungen in Anspruch nehmen k\u00f6nnen.<\/p>\n<p class=\"p4\"><b>Welche Rechte haben Sie bez\u00fcglich Ihrer Daten? <\/b>Sie haben jederzeit das Recht unentgeltlich Auskunft \u00fcber Herkunft, Empf\u00e4nger und Zweck Ihrer gespeicherten personenbezogenen Daten zu erhalten.<\/p>\n<p class=\"p4\">Sie haben au\u00dferdem ein Recht, die Berichtigung, Sperrung oder L\u00f6schung dieser Daten zu verlangen. Hierzu sowie zu weiteren Fragen zum Thema Datenschutz k\u00f6nnen Sie sich jederzeit unter der im Impressum angegebenen Adresse an uns wenden.<\/p>\n<p class=\"p4\">Des Weiteren steht Ihnen ein Beschwerderecht bei der zust\u00e4ndigen Aufsichtsbeh\u00f6rde zu.<\/p>\n<p class=\"p4\"><b>Analyse-Tools und Tools von Drittanbietern <\/b>Analyse-Tools nutzen wir nicht. Sofern Drittanbieter in unseren Internetauftritt einbezogen sind werden diese nachfolgend beschrieben.<\/p>\n<p class=\"p3\"><b>2. Verantwortlicher und allgemeine Informationen <\/b><\/p>\n<p class=\"p4\">Die verantwortliche Stelle f\u00fcr die Datenverarbeitung auf dieser Website ist:<\/p>\n<p class=\"p4\">Paul Logistik GmbH<br \/>\nSporbitzer Ring 4<br \/>\n01259 Dresden<\/p>\n<p class=\"p4\">Telefon: +49 351 2107690<br \/>\nE-Mail: info(at)paul-logistik.net<\/p>\n<p class=\"p4\">Die Betreiber dieser Seiten nimmt den Schutz Ihrer pers\u00f6nlichen Daten sehr ernst. Wir behandeln Ihre personenbezogenen Daten vertraulich und entsprechend der gesetzlichen Datenschutzvorschriften sowie dieser Datenschutzerkl\u00e4rung.<\/p>\n<p class=\"p4\">Wenn Sie diese Website benutzen, werden verschiedene personenbezogene Daten erhoben. Personenbezogene Daten sind Daten, mit denen Sie pers\u00f6nlich identifiziert werden k\u00f6nnen. Die vorliegende Datenschutzerkl\u00e4rung erl\u00e4utert, welche Daten wir erheben und wof\u00fcr wir sie nutzen. Sie erl\u00e4utert auch, wie und zu welchem Zweck das geschieht.<\/p>\n<p class=\"p4\">Wir weisen darauf hin, dass die Daten\u00fcbertragung im Internet (z.B. bei der Kommunikation per E-Mail) Sicherheitsl\u00fccken aufweisen kann. Ein l\u00fcckenloser Schutz der Daten vor dem Zugriff durch Dritte ist nicht m\u00f6glich.<\/p>\n<p class=\"p3\"><b>3. Datenschutzbeauftragter <\/b><\/p>\n<p class=\"p4\">Wir haben f\u00fcr unser Unternehmen einen Datenschutzbeauftragten bestellt.<\/p>\n<p class=\"p4\">Simone Palm<br \/>\nSporbitzer Ring 4<br \/>\n01259 Dresden<\/p>\n<p class=\"p4\">Telefon: +49 351 21076935<br \/>\nE-Mail: simone.palm(at)paul-logistik.net<\/p>\n<p class=\"p3\"><b>4. Ihre Rechte <\/b><\/p>\n<p class=\"p4\"><b>Recht auf Auskunft, Sperrung, L\u00f6schung <\/b>Sie haben im Rahmen der geltenden gesetzlichen Bestimmungen jederzeit das Recht auf unentgeltliche Auskunft \u00fcber Ihre gespeicherten personenbezogenen Daten, deren Herkunft und Empf\u00e4nger und den Zweck der Datenverarbeitung und ggf. ein Recht auf Berichtigung, Sperrung oder L\u00f6schung dieser Daten. Hierzu sowie zu weiteren Fragen zum Thema personenbezogene Daten k\u00f6nnen Sie sich jederzeit unter der im Impressum angegebenen Adresse an uns wenden.<\/p>\n<p class=\"p4\"><b>Recht auf Daten\u00fcbertragbarkeit <\/b>Sie haben das Recht, Daten, die wir auf Grundlage Ihrer Einwilligung oder in Erf\u00fcllung eines Vertrags automatisiert verarbeiten, an sich oder an einen Dritten in einem g\u00e4ngigen, maschinenlesbaren Format aush\u00e4ndigen zu lassen. Sofern Sie die direkte \u00dcbertragung der Daten an einen anderen Verantwortlichen verlangen, erfolgt dies nur, soweit es technisch machbar ist.<\/p>\n<p class=\"p4\"><b>Widerruf Ihrer Einwilligung zur Datenverarbeitung <\/b>Viele Datenverarbeitungsvorg\u00e4nge sind nur mit Ihrer ausdr\u00fccklichen Einwilligung m\u00f6glich. Sie k\u00f6nnen eine bereits erteilte Einwilligung jederzeit widerrufen. Dazu reicht eine formlose Mitteilung per E-Mail an uns. Die Rechtm\u00e4\u00dfigkeit der bis zum Widerruf erfolgten Datenverarbeitung bleibt vom Widerruf unber\u00fchrt.<\/p>\n<p class=\"p4\"><b>Beschwerderecht bei der zust\u00e4ndigen Aufsichtsbeh\u00f6rde <\/b>Im Falle datenschutzrechtlicher Verst\u00f6\u00dfe steht dem Betroffenen ein Beschwerderecht bei der zust\u00e4ndigen Aufsichtsbeh\u00f6rde zu. Zust\u00e4ndige Aufsichtsbeh\u00f6rde in datenschutzrechtlichen Fragen ist der Landesdatenschutzbeauftragte des Bundeslandes, in dem unser Unternehmen seinen Sitz hat. Eine Liste der Datenschutzbeauftragten sowie deren Kontaktdaten k\u00f6nnen folgendem Link entnommen werden: https:\/\/www.bfdi.bund.de\/DE\/Infothek\/Anschriften_Links\/anschriften_links-node.html.<\/p>\n<p class=\"p4\">Zust\u00e4ndige Aufsichtsbeh\u00f6rde f\u00fcr diesen Internetauftritt w\u00e4re der<\/p>\n<p class=\"p4\">S\u00e4chsische Datenschutzbeauftragte<br \/>\nDevrientstra\u00dfe 5<br \/>\n01067 Dresden<br \/>\nTel: +49 351 85471101<br \/>\nE-Mail: saechsdsb(at)slt.sachsen.de<\/p>\n<p class=\"p3\"><b>5. Datenerfassung auf unserer Website <\/b><\/p>\n<p class=\"p4\"><b>Cookies <\/b>Die Internetseiten verwenden teilweise so genannte Cookies. Cookies richten auf Ihrem Rechner keinen Schaden an und enthalten keine Viren. Cookies dienen dazu, unser Angebot nutzerfreundlicher, effektiver und sicherer zu machen. Cookies sind kleine Textdateien, die auf Ihrem Rechner abgelegt werden und die Ihr Browser speichert.<\/p>\n<p class=\"p4\">Die meisten der von uns verwendeten Cookies sind so genannte \u201cSession-Cookies\u201d. Sie werden nach Ende Ihres Besuchs automatisch gel\u00f6scht. Andere Cookies bleiben auf Ihrem Endger\u00e4t gespeichert bis Sie diese l\u00f6schen. Diese Cookies erm\u00f6glichen es uns, Ihren Browser beim n\u00e4chsten Besuch wiederzuerkennen.<\/p>\n<p class=\"p4\">Sie k\u00f6nnen Ihren Browser so einstellen, dass Sie \u00fcber das Setzen von Cookies informiert werden und Cookies nur im Einzelfall erlauben, die Annahme von Cookies f\u00fcr bestimmte F\u00e4lle oder generell ausschlie\u00dfen sowie das automatische L\u00f6schen der Cookies beim Schlie\u00dfen des Browser aktivieren.<\/p>\n<p class=\"p4\">Bei der Deaktivierung von Cookies kann die Funktionalit\u00e4t dieser Website eingeschr\u00e4nkt sein.<\/p>\n<p class=\"p4\">Cookies, die zur Durchf\u00fchrung des elektronischen Kommunikationsvorgangs oder zur Bereitstellung bestimmter, von Ihnen erw\u00fcnschter Funktionen erforderlich sind, werden auf Grundlage von Art. 6 Abs. 1 lit. f DSGVO gespeichert. Der Websitebetreiber hat ein berechtigtes Interesse an der Speicherung von Cookies zur technisch fehlerfreien und optimierten Bereitstellung seiner Dienste. Andere Cookies (z.B. Cookies zur Analyse Ihres Surfverhaltens) werden weder gespeichert, ausgewertet oder verwendet.<\/p>\n<p class=\"p4\"><b>Server-Log-Dateien <\/b>Der Provider der Seiten erhebt und speichert automatisch Informationen in so genannten Server-Log-Dateien, die Ihr Browser automatisch an uns \u00fcbermittelt. Dies sind:<\/p>\n<ul class=\"ul1\">\n<li class=\"li5\">\u2022 Browsertyp und Browserversion<\/li>\n<li class=\"li5\">\u2022 verwendetes Betriebssystem<\/li>\n<li class=\"li6\"><span class=\"s2\">\u2022 <\/span>Referenz URL<\/li>\n<li class=\"li5\">\u2022 Hostname des zugreifenden Rechners<\/li>\n<li class=\"li5\">\u2022 Uhrzeit der Serveranfrage<\/li>\n<li class=\"li7\">\u2022 IP-Adresse<\/li>\n<\/ul>\n<p class=\"p4\">Eine Zusammenf\u00fchrung dieser Daten mit anderen Datenquellen wird nicht vorgenommen.<\/p>\n<p class=\"p4\">Grundlage f\u00fcr die Datenverarbeitung ist Art. 6 Abs. 1 lit. f DSGVO, der die Verarbeitung von Daten zur Erf\u00fcllung eines Vertrags oder vorvertraglicher Ma\u00dfnahmen gestattet.<\/p>\n<p class=\"p4\"><b>Kontaktformular <\/b>Wenn Sie uns per Kontaktformular Anfragen zukommen lassen, werden Ihre Angaben aus<\/p>\n<p class=\"p4\">dem Anfrageformular inklusive der von Ihnen dort angegebenen Kontaktdaten zwecks Bearbeitung der Anfrage und f\u00fcr den Fall von Anschlussfragen bei uns gespeichert. Diese Daten geben wir nicht ohne Ihre Einwilligung weiter.<\/p>\n<p class=\"p4\">Die Verarbeitung der in das Kontaktformular eingegebenen Daten erfolgt somit ausschlie\u00dflich zur Durchf\u00fchrung von vorvertraglichen Ma\u00dfnahmen (Art. 6 Abs. 1 lit. b DSGVO).<\/p>\n<p class=\"p4\">Die von Ihnen im Kontaktformular eingegebenen Daten verbleiben bei uns, bis der Zweck f\u00fcr die Datenspeicherung entf\u00e4llt (z.B. nach abgeschlossener Bearbeitung Ihrer Anfrage). Zwingende gesetzliche Bestimmungen \u2013 insbesondere Aufbewahrungsfristen \u2013 bleiben unber\u00fchrt.<\/p>\n<p class=\"p4\"><b>Bewerbungsunterlagen <\/b>Bewerbungsunterlagen, die Sie uns per E-mail zuschicken, werden intern nur an die f\u00fcr Personalangelegenheiten zust\u00e4ndige Stelle weitergeleitet, dort gesichtet und zum Zweck der Kontaktaufnahme gespeichert. Unterlagen von Bewerbern, die letztlich nicht eingestellt wurden, werden wieder gel\u00f6scht.<\/p>\n<p class=\"p4\"><b>Verarbeiten von Daten (Kunden- und Vertragsdaten) <\/b>Wir erheben, verarbeiten und nutzen personenbezogene Daten nur, soweit sie f\u00fcr die Begr\u00fcndung, inhaltliche Ausgestaltung oder \u00c4nderung des Rechtsverh\u00e4ltnisses erforderlich sind (Bestandsdaten). Dies erfolgt auf Grundlage von Art. 6 Abs. 1 li. b DSGVO, der die Verarbeitung von Daten zur Erf\u00fcllung eines Vertrags oder vorvertraglicher Ma\u00dfnahmen gestattet. Personenbezogene Daten \u00fcber die Inanspruchnahme unserer Internetseiten (Nutzungsdaten) erheben, verarbeiten und nutzen wir nur, soweit dies erforderlich ist, um dem Nutzer die Inanspruchnahme des Dienstes zu erm\u00f6glichen oder abzurechnen.<\/p>\n<p class=\"p4\">Teilweise erhalten wir erg\u00e4nzende Informationen von Dritten. In erster Linie trifft das auf Bonit\u00e4tsausk\u00fcnfte zu (Creditreform-Ausk\u00fcnfte).<\/p>\n<p class=\"p4\">Die erhobenen Kundendaten werden nach Abschluss des Auftrags oder Beendigung der Gesch\u00e4ftsbeziehung gel\u00f6scht. Gesetzliche Aufbewahrungsfristen bleiben unber\u00fchrt.<\/p>\n<p class=\"p3\"><b>6. Soziale Medien <\/b><\/p>\n<p class=\"p4\"><b>Facebook-Plugins (Like &amp; Share-Button) <\/b>Auf unseren Seiten sind Plugins des sozialen Netzwerks Facebook, Anbieter Facebook Inc., 1 Hacker Way, Menlo Park, California 94025, USA, integriert. Die Facebook-Plugins erkennen Sie an dem Facebook-Logo oder dem &#8222;Like-Button&#8220; (&#8222;Gef\u00e4llt mir&#8220;) auf unserer Seite. Eine \u00dcbersicht \u00fcber die Facebook-Plugins finden Sie hier: https:\/\/developers.facebook.com\/docs\/plugins\/.<\/p>\n<p class=\"p4\">Wenn Sie unsere Seiten besuchen, wird \u00fcber das Plugin eine direkte Verbindung zwischen Ihrem Browser und dem Facebook-Server hergestellt. Facebook erh\u00e4lt dadurch die Information, dass Sie mit Ihrer IP-Adresse unsere Seite besucht haben. Wenn Sie den Facebook &#8222;Like-Button&#8220; anklicken w\u00e4hrend Sie in Ihrem Facebook-Account eingeloggt sind, k\u00f6nnen Sie die Inhalte unserer Seiten auf Ihrem Facebook-Profil verlinken. Dadurch kann Facebook den Besuch unserer Seiten Ihrem Benutzerkonto zuordnen. Wir weisen darauf hin, dass wir als Anbieter der Seiten keine Kenntnis vom Inhalt der \u00fcbermittelten Daten sowie deren Nutzung durch Facebook erhalten. Weitere Informationen hierzu finden Sie in der Datenschutzerkl\u00e4rung von Facebook unter: https:\/\/de-de.facebook.com\/policy.php.<\/p>\n<p class=\"p4\">Wenn Sie nicht w\u00fcnschen, dass Facebook den Besuch unserer Seiten Ihrem Facebook-Nutzerkonto zuordnen kann, loggen Sie sich bitte aus Ihrem Facebook-Benutzerkonto aus<\/p>\n<p class=\"p3\"><b>7. Plugins und Tools <\/b><\/p>\n<p class=\"p4\"><b>YouTube <\/b><\/p>\n<p class=\"p4\">Unsere Website nutzt Plugins der von Google betriebenen Seite YouTube. Betreiber der Seiten ist die YouTube, LLC, 901 Cherry Ave., San Bruno, CA 94066, USA.<\/p>\n<p class=\"p4\">Wenn Sie eine unserer mit einem YouTube-Plugin ausgestatteten Seiten besuchen, wird eine Verbindung zu den Servern von YouTube hergestellt. Dabei wird dem YouTube-Server mitgeteilt, welche unserer Seiten Sie besucht haben.<\/p>\n<p class=\"p4\">Wenn Sie in Ihrem YouTube-Account eingeloggt sind, erm\u00f6glichen Sie YouTube, Ihr Surfverhalten direkt Ihrem pers\u00f6nlichen Profil zuzuordnen. Dies k\u00f6nnen Sie verhindern, indem Sie sich aus Ihrem YouTube-Account ausloggen.<\/p>\n<p class=\"p4\">Die Nutzung von YouTube erfolgt im Interesse einer ansprechenden Darstellung unserer Online-Angebote. Dies stellt ein berechtigtes Interesse im Sinne von Art. 6 Abs. 1 lit. f DSGVO dar.<\/p>\n<p class=\"p4\">Weitere Informationen zum Umgang mit Nutzerdaten finden Sie in der Datenschutzerkl\u00e4rung von YouTube unter: https:\/\/www.google.de\/intl\/de\/policies\/privacy.<\/p>\n<p class=\"p4\"><b>Google Maps <\/b>Diese Seite nutzt \u00fcber eine API den Kartendienst Google Maps. Anbieter ist die Google Inc., 1600 Amphitheatre Parkway, Mountain View, CA 94043, USA.<\/p>\n<p class=\"p4\">Zur Nutzung der Funktionen von Google Maps ist es notwendig, Ihre IP Adresse zu speichern. Diese Informationen werden in der Regel an einen Server von Google in den USA \u00fcbertragen und dort gespeichert. Der Anbieter dieser Seite hat keinen Einfluss auf diese Daten\u00fcbertragung.<\/p>\n<p class=\"p4\">Die Nutzung von Google Maps erfolgt im Interesse einer ansprechenden Darstellung unserer Online-Angebote und an einer leichten Auffindbarkeit der von uns auf der Website angegebenen Orte. Dies stellt ein berechtigtes Interesse im Sinne von Art. 6 Abs. 1 lit. f DSGVO dar.<\/p>\n<p class=\"p4\">Mehr Informationen zum Umgang mit Nutzerdaten finden Sie in der Datenschutzerkl\u00e4rung von Google: https:\/\/www.google.de\/intl\/de\/policies\/privacy\/.<\/p>\n<p><strong>ReCaptcha:<\/strong>Wir binden die Funktion &#8222;ReCaptcha&#8220; zur Erkennung von Bots, z.B. bei Eingaben in Onlineformularen, ein. Die Verhaltensangaben der Nutzer (z.B. Mausbewegungen oder Abfragen) werden ausgewertet, um Menschen von Bots unterscheiden zu k\u00f6nnen. Dienstanbieter: Google Ireland Limited, Gordon House, Barrow Street, Dublin 4, Irland, Mutterunternehmen: Google LLC, 1600 Amphitheatre Parkway, Mountain View, CA 94043, USA; Website: <a href=\"https:\/\/www.google.com\/recaptcha\/\" target=\"_blank\" rel=\"noopener noreferrer\">https:\/\/www.google.com\/recaptcha\/<\/a>; Datenschutzerkl\u00e4rung: <a href=\"https:\/\/policies.google.com\/privacy\" target=\"_blank\" rel=\"noopener noreferrer\">https:\/\/policies.google.com\/privacy<\/a>; Privacy Shield (Gew\u00e4hrleistung Datenschutzniveau bei Verarbeitung von Daten in den USA): <a href=\"https:\/\/www.privacyshield.gov\/participant?id=a2zt0000000TRkEAAW&amp;status=Active\" target=\"_blank\" rel=\"noopener noreferrer\">https:\/\/www.privacyshield.gov\/participant?id=a2zt0000000TRkEAAW&amp;status=Active<\/a>; Widerspruchsm\u00f6glichkeit (Opt-Out): Opt-Out-Plugin: <a href=\"http:\/\/tools.google.com\/dlpage\/gaoptout?hl=de\" target=\"_blank\" rel=\"noopener noreferrer\">http:\/\/tools.google.com\/dlpage\/gaoptout?hl=de<\/a>,Einstellungen f\u00fcr die Darstellung von Werbeeinblendungen: <a href=\"https:\/\/adssettings.google.com\/authenticated\" target=\"_blank\" rel=\"noopener noreferrer\">https:\/\/adssettings.google.com\/authenticated<\/a>.<\/p>\n<p><strong>Google Webfonts<\/strong><\/p>\n<p>Wir binden die Schriftarten (&#8222;Google Fonts&#8220;) des Anbieters Google LLC, 1600 Amphitheatre Parkway, Mountain View, CA 94043, USA, ein. Datenschutzerkl\u00e4rung:<br \/>\nhttps:\/\/www.google.com\/policies\/privacy\/<\/p>\n<p class=\"p3\"><b>8. Kriterien f\u00fcr die Dauer der Datenspeicherung <\/b><\/p>\n<p class=\"p4\">Ihre Daten werden, sofern nicht bereits im Vorfeld anders beschrieben, regelm\u00e4\u00dfig solange gespeichert wie das zum Aufrechterhalten der Gesch\u00e4ftsbeziehung notwendig ist (z.B. festgelegt durch gesetzliche Aufbewahrungsfristen von bis zu 10 Jahren).<\/p>\n<p class=\"p4\">Daten von Kontaktformularen werden f\u00fcr 6 Monate aufbewahrt.<\/p>\n<\/div><\/div><style type=\"text\/css\">.fusion-body .fusion-builder-column-0{width:100% !important;margin-top : 0px;margin-bottom : 20px;}.fusion-builder-column-0 > .fusion-column-wrapper {padding-top : 0px !important;padding-right : 0px !important;margin-right : 1.92%;padding-bottom : 0px !important;padding-left : 0px !important;margin-left : 1.92%;}@media only screen and (max-width:1024px) {.fusion-body .fusion-builder-column-0{width:100% !important;order : 0;}.fusion-builder-column-0 > .fusion-column-wrapper {margin-right : 1.92%;margin-left : 1.92%;}}@media only screen and (max-width:640px) {.fusion-body .fusion-builder-column-0{width:100% !important;order : 0;}.fusion-builder-column-0 > .fusion-column-wrapper {margin-right : 1.92%;margin-left : 1.92%;}}<\/style><\/div><\/div><style type=\"text\/css\">.fusion-body .fusion-flex-container.fusion-builder-row-1{ padding-top : 0px;margin-top : 0px;padding-right : 0px;padding-bottom : 0px;margin-bottom : 0px;padding-left : 0px;}<\/style><\/div>\n","protected":false},"excerpt":{"rendered":"","protected":false},"author":1,"featured_media":0,"parent":0,"menu_order":0,"comment_status":"closed","ping_status":"closed","template":"100-width.php","meta":{"footnotes":""},"class_list":["post-18","page","type-page","status-publish","hentry"],"_links":{"self":[{"href":"https:\/\/paul-logistik.com\/de\/wp-json\/wp\/v2\/pages\/18","targetHints":{"allow":["GET"]}}],"collection":[{"href":"https:\/\/paul-logistik.com\/de\/wp-json\/wp\/v2\/pages"}],"about":[{"href":"https:\/\/paul-logistik.com\/de\/wp-json\/wp\/v2\/types\/page"}],"author":[{"embeddable":true,"href":"https:\/\/paul-logistik.com\/de\/wp-json\/wp\/v2\/users\/1"}],"replies":[{"embeddable":true,"href":"https:\/\/paul-logistik.com\/de\/wp-json\/wp\/v2\/comments?post=18"}],"version-history":[{"count":3,"href":"https:\/\/paul-logistik.com\/de\/wp-json\/wp\/v2\/pages\/18\/revisions"}],"predecessor-version":[{"id":294,"href":"https:\/\/paul-logistik.com\/de\/wp-json\/wp\/v2\/pages\/18\/revisions\/294"}],"wp:attachment":[{"href":"https:\/\/paul-logistik.com\/de\/wp-json\/wp\/v2\/media?parent=18"}],"curies":[{"name":"wp","href":"https:\/\/api.w.org\/{rel}","templated":true}]}}