{"id":174,"date":"2021-05-15T12:45:37","date_gmt":"2021-05-15T10:45:37","guid":{"rendered":"https:\/\/paul-logistik.com\/?page_id=174"},"modified":"2021-05-19T11:41:00","modified_gmt":"2021-05-19T09:41:00","slug":"kariera","status":"publish","type":"page","link":"https:\/\/paul-logistik.com\/cs\/kariera\/","title":{"rendered":"Kari\u00e9ra"},"content":{"rendered":"<div class=\"fusion-fullwidth fullwidth-box fusion-builder-row-1 fusion-flex-container nonhundred-percent-fullwidth non-hundred-percent-height-scrolling\" style=\"background-color: rgba(255,255,255,0);background-position: left top;background-repeat: no-repeat;border-width: 0px 0px 0px 0px;border-color:#e2e2e2;border-style:solid;\" ><div class=\"fusion-builder-row fusion-row fusion-flex-align-items-stretch\" style=\"max-width:1248px;margin-left: calc(-4% \/ 2 );margin-right: calc(-4% \/ 2 );\"><div class=\"fusion-layout-column fusion_builder_column fusion-builder-column-0 fusion_builder_column_1_1 1_1 fusion-flex-column green-border rounded-border\"><div class=\"fusion-column-wrapper fusion-flex-justify-content-flex-start fusion-content-layout-column\" style=\"background-position:left top;background-repeat:no-repeat;-webkit-background-size:cover;-moz-background-size:cover;-o-background-size:cover;background-size:cover;border-radius:4px 4px 4px 4px;background-color:#ffffff;border-width: 2px 2px 2px 2px;border-color:#e2e2e2;border-style:solid;border-radius:4px 4px 4px 4px;overflow:hidden;padding: 40px 60px 20px 60px;\"><style type=\"text\/css\">@media only screen and (max-width:1024px) {.fusion-title.fusion-title-1{margin-top:10px!important; margin-right:0px!important;margin-bottom:30px!important;margin-left:0px!important;}}@media only screen and (max-width:640px) {.fusion-title.fusion-title-1{margin-top:10px!important; margin-right:0px!important;margin-bottom:10px!important; margin-left:0px!important;}}<\/style><div class=\"fusion-title title fusion-title-1 fusion-sep-none fusion-title-text fusion-title-size-two\" style=\"margin-top:10px;margin-right:0px;margin-bottom:30px;margin-left:0px;\"><h2 class=\"title-heading-left\" style=\"margin:0;color:#0059b9;\">P\u0159ipojte se k na\u0161emu t\u00fdmu<\/h2><\/div><div class=\"fusion-text fusion-text-1\"><p>Ve dvou\u010dlenn\u00e9m t\u00fdmu budete zav\u00e1\u017eet z\u00e1kazn\u00edky zn\u00e1m\u00fdch z\u00e1silkov\u00fdch spole\u010dnost\u00ed n\u00e1bytkem a velk\u00fdmi elektrospot\u0159ebi\u010di a poskytovat slu\u017eby, jako je odvoz obal\u016f a drobn\u00e9 mont\u00e1\u017ee. Denn\u00ed nakl\u00e1dky jsou p\u0159edem p\u0159ipraveny pracovn\u00edky skladu, za\u010d\u00ednaj\u00ed v 01259 Dr\u00e1\u017e\u010fanech mezi 6:00 a 8:00 hodinou rann\u00ed.<\/p>\n<p>K p\u0159eprav\u011b se vyu\u017e\u00edvaj\u00ed modern\u00ed vozidla MB Atego, d\u00e1le MB Sprinter 3,5to s kvalitn\u00edmi skenery, telefony, osv\u011bd\u010den\u00fdmi balic\u00edmi pom\u016fckami, ru\u010dn\u00ed voz\u00edky (rudl\u00edk) a pro rozvoz zbo\u017e\u00ed o vysok\u00e9 hmotnosti elektrick\u00fdmi schodi\u0161tov\u00fdmi rudl\u00edky. P\u0159i v\u00fdkonu t\u00e9to \u010dinnosti je mo\u017en\u00e9 p\u0159iv\u00fdd\u011blku a mnoho mo\u017enost\u00ed dal\u0161\u00edho vzd\u011bl\u00e1v\u00e1n\u00ed (mont\u00e1\u017e n\u00e1bytku, mont\u00e1\u017e kuchyn\u00ed, odborn\u00e9 fixn\u00ed \u010dinnosti (p\u0159ipojen\u00ed spor\u00e1k\u016f), z\u00e1kaznick\u00fd servis n\u00e1bytku, nakl\u00e1dac\u00ed mistr, mont\u00e1\u017e velk\u00fdch elektrick\u00fdch spot\u0159ebi\u010d\u016f).<\/p>\n<\/div><style type=\"text\/css\">@media only screen and (max-width:1024px) {.fusion-title.fusion-title-2{margin-top:10px!important; margin-right:0px!important;margin-bottom:10px!important;margin-left:0px!important;}}@media only screen and (max-width:640px) {.fusion-title.fusion-title-2{margin-top:10px!important; margin-right:0px!important;margin-bottom:10px!important; margin-left:0px!important;}}<\/style><div class=\"fusion-title title fusion-title-2 fusion-sep-none fusion-title-text fusion-title-size-two\" style=\"margin-top:10px;margin-right:0px;margin-bottom:10px;margin-left:0px;\"><h2 class=\"title-heading-left\" style=\"margin:0;color:#0059b9;\">Nab\u00edz\u00edme v\u00e1m<\/h2><\/div><div class=\"fusion-text fusion-text-2\"><p>Strukturovan\u00e9 procesy, v\u010dasn\u00e9 v\u00fdplaty, bezpe\u010dn\u00e9 a modern\u00ed pracovn\u00ed vybaven\u00ed, p\u0159\u00e1telsk\u00fd kolektiv a ploch\u00e1 hierarchie, jako\u017e i mo\u017enost postupu na pozici vedouc\u00edho sm\u011bny v denn\u00ed nebo no\u010dn\u00ed sm\u011bn\u011b. V z\u00e1vislosti na po\u017eadavc\u00edch nebo rozsahu pl\u00e1nov\u00e1n\u00ed r\u00e1di koordinujeme \u010dasy nasazen\u00ed na t\u00fddenn\u00ed b\u00e1zi.<\/p>\n<p>T\u011b\u0161\u00edme se na va\u0161e p\u0159ihl\u00e1\u0161ky na e-mail (bewerbung(at)paul-logistik.net) na pozici dispe\u010dera nebo obchodn\u00edho zam\u011bstnance, specialisty skladov\u00e9 logistiky nebo profesion\u00e1ln\u00edho \u0159idi\u010de. <strong>Zas\u00edlat pouze ve form\u00e1tu PDF.<\/strong> V p\u0159\u00edpad\u011b dotaz\u016f kontaktujte <strong>pana Kobst\u00e4dta na telefonn\u00edm \u010d\u00edsle <a href=\"http:\/\/+4935121076915\">+49 351 21076915<\/a><\/strong><\/p>\n<\/div><\/div><style type=\"text\/css\">.fusion-body .fusion-builder-column-0{width:100% !important;margin-top : 0px;margin-bottom : 45px;}.fusion-builder-column-0 > .fusion-column-wrapper {padding-top : 40px !important;padding-right : 60px !important;margin-right : 1.92%;padding-bottom : 20px !important;padding-left : 60px !important;margin-left : 1.92%;}@media only screen and (max-width:1024px) {.fusion-body .fusion-builder-column-0{width:100% !important;}.fusion-builder-column-0 > .fusion-column-wrapper {margin-right : 1.92%;margin-left : 1.92%;}}@media only screen and (max-width:640px) {.fusion-body .fusion-builder-column-0{width:100% !important;}.fusion-builder-column-0 > .fusion-column-wrapper {margin-right : 1.92%;margin-left : 1.92%;}}<\/style><\/div><div class=\"fusion-layout-column fusion_builder_column fusion-builder-column-1 fusion_builder_column_1_2 1_2 fusion-flex-column rounded-border\"><div class=\"fusion-column-wrapper fusion-flex-justify-content-flex-start fusion-content-layout-column\" style=\"background-position:left top;background-repeat:no-repeat;-webkit-background-size:cover;-moz-background-size:cover;-o-background-size:cover;background-size:cover;border-radius:4px 4px 4px 4px;background-color:#ffffff;border-width: 2px 2px 2px 2px;border-color:#e2e2e2;border-style:solid;border-radius:4px 4px 4px 4px;overflow:hidden;padding: 40px 60px 40px 60px;\"><style type=\"text\/css\">@media only screen and (max-width:1024px) {.fusion-title.fusion-title-3{margin-top:10px!important; margin-right:0px!important;margin-bottom:10px!important;margin-left:0px!important;}}@media only screen and (max-width:640px) {.fusion-title.fusion-title-3{margin-top:10px!important; margin-right:0px!important;margin-bottom:10px!important; margin-left:0px!important;}}<\/style><div class=\"fusion-title title fusion-title-3 fusion-sep-none fusion-title-text fusion-title-size-three\" style=\"margin-top:10px;margin-right:0px;margin-bottom:10px;margin-left:0px;\"><h3 class=\"title-heading-left\" style=\"margin:0;\">Pracovn\u00edk skladu<\/h3><\/div><style type=\"text\/css\">@media only screen and (max-width:1024px) {.fusion-title.fusion-title-4{margin-top:10px!important; margin-right:0px!important;margin-bottom:20px!important;margin-left:0px!important;}}@media only screen and (max-width:640px) {.fusion-title.fusion-title-4{margin-top:10px!important; margin-right:0px!important;margin-bottom:20px!important; margin-left:0px!important;}}<\/style><div class=\"fusion-title title fusion-title-4 fusion-sep-none fusion-title-text fusion-title-size-five\" style=\"margin-top:10px;margin-right:0px;margin-bottom:20px;margin-left:0px;\"><h5 class=\"title-heading-left\" style=\"margin:0;\">Logistik &#8211; Dresden<\/h5><\/div><div class=\"fusion-text fusion-text-3\"><p>Skladn\u00edky na pln\u00fd nebo \u010d\u00e1ste\u010dn\u00fd \u00favazek. \u010cinnost zahrnuje nakl\u00e1dky a vykl\u00e1dky voln\u011b lo\u017een\u00e9ho zbo\u017e\u00ed a p\u0159esun t\u011bchto z\u00e1silek na p\u0159edem ur\u010den\u00e9 m\u00edsto ve sklad\u011b. Tato pracovn\u00ed m\u00edsta jsou vhodn\u00e1 i pro studenty a pracovn\u00edky na zkr\u00e1cen\u00fd \u00favazek.<\/p>\n<\/div><div class=\"fusion-text fusion-text-4\"><p>E-Mailem na\u00a0\u017d\u00e1dost: bewerbung(at)paul-logistik.net<\/p>\n<\/div><\/div><style type=\"text\/css\">.fusion-body .fusion-builder-column-1{width:50% !important;margin-top : 0px;margin-bottom : 45px;}.fusion-builder-column-1 > .fusion-column-wrapper {padding-top : 40px !important;padding-right : 60px !important;margin-right : 3.84%;padding-bottom : 40px !important;padding-left : 60px !important;margin-left : 3.84%;}@media only screen and (max-width:1024px) {.fusion-body .fusion-builder-column-1{width:50% !important;}.fusion-builder-column-1 > .fusion-column-wrapper {margin-right : 3.84%;margin-left : 3.84%;}}@media only screen and (max-width:640px) {.fusion-body .fusion-builder-column-1{width:100% !important;}.fusion-builder-column-1 > .fusion-column-wrapper {margin-right : 1.92%;margin-left : 1.92%;}}<\/style><\/div><div class=\"fusion-layout-column fusion_builder_column fusion-builder-column-2 fusion_builder_column_1_2 1_2 fusion-flex-column rounded-border\"><div class=\"fusion-column-wrapper fusion-flex-justify-content-flex-start fusion-content-layout-column\" style=\"background-position:left top;background-repeat:no-repeat;-webkit-background-size:cover;-moz-background-size:cover;-o-background-size:cover;background-size:cover;border-radius:4px 4px 4px 4px;background-color:#ffffff;border-width: 2px 2px 2px 2px;border-color:#e2e2e2;border-style:solid;border-radius:4px 4px 4px 4px;overflow:hidden;padding: 40px 60px 40px 60px;\"><style type=\"text\/css\">@media only screen and (max-width:1024px) {.fusion-title.fusion-title-5{margin-top:10px!important; margin-right:0px!important;margin-bottom:10px!important;margin-left:0px!important;}}@media only screen and (max-width:640px) {.fusion-title.fusion-title-5{margin-top:10px!important; margin-right:0px!important;margin-bottom:10px!important; margin-left:0px!important;}}<\/style><div class=\"fusion-title title fusion-title-5 fusion-sep-none fusion-title-text fusion-title-size-three\" style=\"margin-top:10px;margin-right:0px;margin-bottom:10px;margin-left:0px;\"><h3 class=\"title-heading-left\" style=\"margin:0;\">Account Manager<\/h3><\/div><style type=\"text\/css\">@media only screen and (max-width:1024px) {.fusion-title.fusion-title-6{margin-top:10px!important; margin-right:0px!important;margin-bottom:20px!important;margin-left:0px!important;}}@media only screen and (max-width:640px) {.fusion-title.fusion-title-6{margin-top:10px!important; margin-right:0px!important;margin-bottom:20px!important; margin-left:0px!important;}}<\/style><div class=\"fusion-title title fusion-title-6 fusion-sep-none fusion-title-text fusion-title-size-five\" style=\"margin-top:10px;margin-right:0px;margin-bottom:20px;margin-left:0px;\"><h5 class=\"title-heading-left\" style=\"margin:0;\">Logistik &#8211; Dresden<\/h5><\/div><div class=\"fusion-text fusion-text-5\"><p>Samoz\u0159ejm\u011b rosteme i v komer\u010dn\u00ed oblasti! Proto hled\u00e1me zam\u011bstnance pro pln\u011bn\u00ed na\u0161ich \u00fakol\u016f na pozice slu\u017eby z\u00e1kazn\u00edk\u016fm. Up\u0159ednost\u0148ujeme uchaze\u010de se zku\u0161enostmi z\u00edskan\u00fdmi na pozici disponenta. \u00dakoly zahrnuj\u00ed telefonov\u00e1n\u00ed se z\u00e1kazn\u00edky a zpracov\u00e1n\u00ed dat, p\u0159\u00edpadn\u011b tak\u00e9 p\u0159\u00edpravu faktur a zpracov\u00e1n\u00ed dodac\u00edch list\u016f.<\/p>\n<\/div><div class=\"fusion-text fusion-text-6\"><p>E-Mailem na\u00a0\u017d\u00e1dost: bewerbung(at)paul-logistik.net<\/p>\n<\/div><\/div><style type=\"text\/css\">.fusion-body .fusion-builder-column-2{width:50% !important;margin-top : 0px;margin-bottom : 45px;}.fusion-builder-column-2 > .fusion-column-wrapper {padding-top : 40px !important;padding-right : 60px !important;margin-right : 3.84%;padding-bottom : 40px !important;padding-left : 60px !important;margin-left : 3.84%;}@media only screen and (max-width:1024px) {.fusion-body .fusion-builder-column-2{width:50% !important;order : 0;}.fusion-builder-column-2 > .fusion-column-wrapper {margin-right : 3.84%;margin-left : 3.84%;}}@media only screen and (max-width:640px) {.fusion-body .fusion-builder-column-2{width:100% !important;order : 0;}.fusion-builder-column-2 > .fusion-column-wrapper {margin-right : 1.92%;margin-left : 1.92%;}}<\/style><\/div><\/div><style type=\"text\/css\">.fusion-body .fusion-flex-container.fusion-builder-row-1{ padding-top : 100px;margin-top : 0px;padding-right : 0px;padding-bottom : 80px;margin-bottom : 0px;padding-left : 0px;}@media only screen and (max-width:640px) {.fusion-body .fusion-flex-container.fusion-builder-row-1{ padding-top : 48px;padding-bottom : 24px;}}<\/style><\/div>\n","protected":false},"excerpt":{"rendered":"","protected":false},"author":1,"featured_media":0,"parent":0,"menu_order":0,"comment_status":"closed","ping_status":"closed","template":"100-width.php","meta":{"footnotes":""},"class_list":["post-174","page","type-page","status-publish","hentry"],"_links":{"self":[{"href":"https:\/\/paul-logistik.com\/cs\/wp-json\/wp\/v2\/pages\/174","targetHints":{"allow":["GET"]}}],"collection":[{"href":"https:\/\/paul-logistik.com\/cs\/wp-json\/wp\/v2\/pages"}],"about":[{"href":"https:\/\/paul-logistik.com\/cs\/wp-json\/wp\/v2\/types\/page"}],"author":[{"embeddable":true,"href":"https:\/\/paul-logistik.com\/cs\/wp-json\/wp\/v2\/users\/1"}],"replies":[{"embeddable":true,"href":"https:\/\/paul-logistik.com\/cs\/wp-json\/wp\/v2\/comments?post=174"}],"version-history":[{"count":11,"href":"https:\/\/paul-logistik.com\/cs\/wp-json\/wp\/v2\/pages\/174\/revisions"}],"predecessor-version":[{"id":241,"href":"https:\/\/paul-logistik.com\/cs\/wp-json\/wp\/v2\/pages\/174\/revisions\/241"}],"wp:attachment":[{"href":"https:\/\/paul-logistik.com\/cs\/wp-json\/wp\/v2\/media?parent=174"}],"curies":[{"name":"wp","href":"https:\/\/api.w.org\/{rel}","templated":true}]}}