{"id":160,"date":"2021-05-15T12:07:13","date_gmt":"2021-05-15T10:07:13","guid":{"rendered":"https:\/\/paul-logistik.com\/?page_id=160"},"modified":"2021-05-19T11:34:24","modified_gmt":"2021-05-19T09:34:24","slug":"sluzby","status":"publish","type":"page","link":"https:\/\/paul-logistik.com\/cs\/sluzby\/","title":{"rendered":"Slu\u017eby"},"content":{"rendered":"<p><div class=\"fusion-fullwidth fullwidth-box fusion-builder-row-1 fusion-flex-container nonhundred-percent-fullwidth non-hundred-percent-height-scrolling\" style=\"background-color: rgba(255,255,255,0);background-position: center center;background-repeat: no-repeat;border-width: 0px 0px 0px 0px;border-color:#e2e2e2;border-style:solid;\" ><div class=\"fusion-builder-row fusion-row fusion-flex-align-items-stretch\" style=\"max-width:1248px;margin-left: calc(-4% \/ 2 );margin-right: calc(-4% \/ 2 );\"><div class=\"fusion-layout-column fusion_builder_column fusion-builder-column-0 fusion_builder_column_1_1 1_1 fusion-flex-column\"><div class=\"fusion-column-wrapper fusion-flex-justify-content-center fusion-content-layout-column\" style=\"background-position:left top;background-repeat:no-repeat;-webkit-background-size:cover;-moz-background-size:cover;-o-background-size:cover;background-size:cover;padding: 0px 40px 0px 40px;\"><style type=\"text\/css\">@media only screen and (max-width:1024px) {.fusion-title.fusion-title-1{margin-top:10px!important; margin-right:0px!important;margin-bottom:15px!important;margin-left:0px!important;}}@media only screen and (max-width:640px) {.fusion-title.fusion-title-1{margin-top:10px!important; margin-right:0px!important;margin-bottom:10px!important; margin-left:0px!important;}}<\/style><div class=\"fusion-title title fusion-title-1 fusion-sep-none fusion-title-text fusion-title-size-one\" style=\"margin-top:10px;margin-right:0px;margin-bottom:15px;margin-left:0px;\"><h1 class=\"title-heading-left\" style=\"margin:0;\">Paul Logistik GmbH V\u00e1\u0161 logistick\u00fd partner Servis<\/h1><\/div><\/div><style type=\"text\/css\">.fusion-body .fusion-builder-column-0{width:100% !important;margin-top : 0px;margin-bottom : 20px;}.fusion-builder-column-0 > .fusion-column-wrapper {padding-top : 0px !important;padding-right : 40px !important;margin-right : 1.92%;padding-bottom : 0px !important;padding-left : 40px !important;margin-left : 1.92%;}@media only screen and (max-width:1024px) {.fusion-body .fusion-builder-column-0{width:100% !important;order : 0;}.fusion-builder-column-0 > .fusion-column-wrapper {margin-right : 1.92%;margin-left : 1.92%;}}@media only screen and (max-width:640px) {.fusion-body .fusion-builder-column-0{width:100% !important;order : 0;}.fusion-builder-column-0 > .fusion-column-wrapper {margin-right : 1.92%;margin-left : 1.92%;}}<\/style><\/div><div class=\"fusion-layout-column fusion_builder_column fusion-builder-column-1 fusion_builder_column_1_1 1_1 fusion-flex-column\"><div class=\"fusion-column-wrapper fusion-flex-justify-content-center fusion-content-layout-column\" style=\"background-position:left top;background-repeat:no-repeat;-webkit-background-size:cover;-moz-background-size:cover;-o-background-size:cover;background-size:cover;padding: 0px 40px 0px 40px;\"><style type=\"text\/css\">@media only screen and (max-width:1024px) {.fusion-title.fusion-title-2{margin-top:10px!important; margin-right:0px!important;margin-bottom:30px!important;margin-left:0px!important;}}@media only screen and (max-width:640px) {.fusion-title.fusion-title-2{margin-top:10px!important; margin-right:0px!important;margin-bottom:10px!important; margin-left:0px!important;}}<\/style><div class=\"fusion-title title fusion-title-2 fusion-sep-none fusion-title-text fusion-title-size-one\" style=\"font-size:32px;margin-top:10px;margin-right:0px;margin-bottom:30px;margin-left:0px;\"><h1 class=\"title-heading-left\" style=\"margin:0;font-size:1em;\">Doprava N\u011bmecko &#8211; Rakousko<\/h1><\/div><div class=\"fusion-text fusion-text-1\"><p>Na\u0161\u00ed p\u0159ednost\u00ed je hled\u00e1n\u00ed nejlep\u0161\u00edch, nejefektivn\u011bj\u0161\u00edch a nejspolehliv\u011bj\u0161\u00edch dopravn\u00edch \u0159e\u0161en\u00ed pro na\u0161e z\u00e1kazn\u00edky, a t\u00edm co nejl\u00e9pe optimalizovat dodavatelsk\u00fd \u0159et\u011bzec. Najdeme nejlep\u0161\u00ed \u0159e\u0161en\u00ed pro p\u0159epravu z N\u011bmecka do Rakouska, kter\u00e9 bude vyhovovat va\u0161emu oboru a velikosti va\u0161\u00ed spole\u010dnosti. Spole\u010dnost Paul Logistik GmbH umo\u017e\u0148uje &#8222;t\u00e9m\u011b\u0159&#8220; v\u0161e&#8230;<\/p>\n<\/div><\/div><style type=\"text\/css\">.fusion-body .fusion-builder-column-1{width:100% !important;margin-top : 0px;margin-bottom : 20px;}.fusion-builder-column-1 > .fusion-column-wrapper {padding-top : 0px !important;padding-right : 40px !important;margin-right : 1.92%;padding-bottom : 0px !important;padding-left : 40px !important;margin-left : 1.92%;}@media only screen and (max-width:1024px) {.fusion-body .fusion-builder-column-1{width:100% !important;order : 0;}.fusion-builder-column-1 > .fusion-column-wrapper {margin-right : 1.92%;margin-left : 1.92%;}}@media only screen and (max-width:640px) {.fusion-body .fusion-builder-column-1{width:100% !important;order : 0;}.fusion-builder-column-1 > .fusion-column-wrapper {margin-right : 1.92%;margin-left : 1.92%;}}<\/style><\/div><\/div><style type=\"text\/css\">.fusion-body .fusion-flex-container.fusion-builder-row-1{ padding-top : 40px;margin-top : 0px;padding-right : 0px;padding-bottom : 20px;margin-bottom : 0px;padding-left : 0px;}@media only screen and (max-width:640px) {.fusion-body .fusion-flex-container.fusion-builder-row-1{ padding-right : 0px;padding-left : 0px;}}<\/style><\/div><div class=\"fusion-fullwidth fullwidth-box fusion-builder-row-2 fusion-flex-container nonhundred-percent-fullwidth non-hundred-percent-height-scrolling\" style=\"background-color: #f8f9f9;background-position: left top;background-repeat: no-repeat;border-width: 0px 0px 0px 0px;border-color:#e2e2e2;border-style:solid;\" ><div class=\"fusion-builder-row fusion-row fusion-flex-align-items-flex-start\" style=\"max-width:1248px;margin-left: calc(-4% \/ 2 );margin-right: calc(-4% \/ 2 );\"><div class=\"fusion-layout-column fusion_builder_column fusion-builder-column-2 fusion_builder_column_1_2 1_2 fusion-flex-column\"><div class=\"fusion-column-wrapper fusion-flex-justify-content-flex-start fusion-content-layout-column\" style=\"background-position:left top;background-repeat:no-repeat;-webkit-background-size:cover;-moz-background-size:cover;-o-background-size:cover;background-size:cover;padding: 10px 40px 0px 40px;\"><style type=\"text\/css\">@media only screen and (max-width:1024px) {.fusion-title.fusion-title-3{margin-top:10px!important; margin-right:0px!important;margin-bottom:30px!important;margin-left:0px!important;}}@media only screen and (max-width:640px) {.fusion-title.fusion-title-3{margin-top:10px!important; margin-right:0px!important;margin-bottom:10px!important; margin-left:0px!important;}}<\/style><div class=\"fusion-title title fusion-title-3 fusion-sep-none fusion-title-text fusion-title-size-one\" style=\"font-size:32px;margin-top:10px;margin-right:0px;margin-bottom:30px;margin-left:0px;\"><h1 class=\"title-heading-left\" style=\"margin:0;font-size:1em;\">Slu\u017eby m\u00edstn\u00ed dopravy<\/h1><\/div><div class=\"fusion-text fusion-text-2\"><p>Nab\u00edz\u00edme v\u00e1m rychlou, p\u0159esnou a spolehlivou p\u0159epravu v lok\u00e1ln\u00ed i d\u00e1lkov\u00e9 doprav\u011b (\u010d\u00e1ste\u010dn\u00e9 i kompletn\u00ed n\u00e1klady, pl\u00e1novan\u00e9 a speci\u00e1ln\u00ed p\u0159epravy, st\u011bhov\u00e1n\u00ed). Pracujeme v\u017edy pru\u017en\u011b, samostatn\u011b a efektivn\u011b.<\/p>\n<\/div><\/div><style type=\"text\/css\">.fusion-body .fusion-builder-column-2{width:50% !important;margin-top : 10px;margin-bottom : 20px;}.fusion-builder-column-2 > .fusion-column-wrapper {padding-top : 10px !important;padding-right : 40px !important;margin-right : 3.84%;padding-bottom : 0px !important;padding-left : 40px !important;margin-left : 3.84%;}@media only screen and (max-width:1024px) {.fusion-body .fusion-builder-column-2{width:50% !important;order : 0;}.fusion-builder-column-2 > .fusion-column-wrapper {padding-top : 10% !important;padding-right : 10% !important;margin-right : 3.84%;padding-bottom : 10% !important;padding-left : 10% !important;margin-left : 3.84%;}}@media only screen and (max-width:640px) {.fusion-body .fusion-builder-column-2{width:100% !important;order : 0;}.fusion-builder-column-2 > .fusion-column-wrapper {margin-right : 1.92%;margin-left : 1.92%;}}<\/style><\/div><div class=\"fusion-layout-column fusion_builder_column fusion-builder-column-3 fusion_builder_column_1_2 1_2 fusion-flex-column\"><div class=\"fusion-column-wrapper fusion-flex-justify-content-flex-start fusion-content-layout-column\" style=\"background-position:left top;background-repeat:no-repeat;-webkit-background-size:cover;-moz-background-size:cover;-o-background-size:cover;background-size:cover;padding: 10px 40px 0px 40px;\"><style type=\"text\/css\">@media only screen and (max-width:1024px) {.fusion-title.fusion-title-4{margin-top:10px!important; margin-right:0px!important;margin-bottom:30px!important;margin-left:0px!important;}}@media only screen and (max-width:640px) {.fusion-title.fusion-title-4{margin-top:10px!important; margin-right:0px!important;margin-bottom:10px!important; margin-left:0px!important;}}<\/style><div class=\"fusion-title title fusion-title-4 fusion-sep-none fusion-title-text fusion-title-size-one\" style=\"font-size:32px;margin-top:10px;margin-right:0px;margin-bottom:30px;margin-left:0px;\"><h1 class=\"title-heading-left\" style=\"margin:0;font-size:1em;\">Chlad\u00edrensk\u00e1 p\u0159eprava<\/h1><\/div><div class=\"fusion-text fusion-text-3\"><p>Nab\u00edz\u00edme p\u0159epravu zbo\u017e\u00ed citliv\u00e9ho na teplotu v chlad\u00edrensk\u00fdch vozech. Zejm\u00e9na v t\u00e9to oblasti poskytujeme rychl\u00e9, flexibiln\u00ed a v\u010dasn\u00e9 doru\u010den\u00ed. Dodr\u017eujeme normy kvality, kter\u00e9 jsou nezbytn\u00e9, aby nedo\u0161lo k p\u0159eru\u0161en\u00ed chladic\u00edho \u0159et\u011bzce. V z\u00e1vislosti na va\u0161ich pot\u0159eb\u00e1ch p\u0159epravujeme va\u0161e n\u00e1klady v chladu nebo zmrazen\u00e9 p\u0159i teplot\u00e1ch od -25 \u00b0C do +25 \u00b0C. Sv\u011b\u0159te p\u0159epravu sv\u00fdch v\u00fdrobk\u016f n\u00e1m a na\u0161im zku\u0161en\u00fdm pracovn\u00edk\u016fm.<\/p>\n<\/div><\/div><style type=\"text\/css\">.fusion-body .fusion-builder-column-3{width:50% !important;margin-top : 10px;margin-bottom : 20px;}.fusion-builder-column-3 > .fusion-column-wrapper {padding-top : 10px !important;padding-right : 40px !important;margin-right : 3.84%;padding-bottom : 0px !important;padding-left : 40px !important;margin-left : 3.84%;}@media only screen and (max-width:1024px) {.fusion-body .fusion-builder-column-3{width:50% !important;order : 0;}.fusion-builder-column-3 > .fusion-column-wrapper {padding-top : 10% !important;padding-right : 10% !important;margin-right : 3.84%;padding-bottom : 10% !important;padding-left : 10% !important;margin-left : 3.84%;}}@media only screen and (max-width:640px) {.fusion-body .fusion-builder-column-3{width:100% !important;order : 0;margin-top : 0px;margin-bottom : 0px;}.fusion-builder-column-3 > .fusion-column-wrapper {margin-right : 1.92%;margin-left : 1.92%;}}<\/style><\/div><\/div><style type=\"text\/css\">.fusion-body .fusion-flex-container.fusion-builder-row-2{ padding-top : 20px;margin-top : 0px;padding-right : 0px;padding-bottom : 20px;margin-bottom : 0px;padding-left : 0px;}@media only screen and (max-width:640px) {.fusion-body .fusion-flex-container.fusion-builder-row-2{ padding-top : 0px;padding-right : 0px;padding-bottom : 0px;padding-left : 0px;}}<\/style><\/div><div class=\"fusion-fullwidth fullwidth-box fusion-builder-row-3 fusion-flex-container nonhundred-percent-fullwidth non-hundred-percent-height-scrolling\" style=\"background-color: #303745;background-position: left top;background-repeat: no-repeat;border-width: 0px 0px 0px 0px;border-color:#e2e2e2;border-style:solid;\" ><div class=\"fusion-builder-row fusion-row fusion-flex-align-items-flex-start\" style=\"max-width:1248px;margin-left: calc(-4% \/ 2 );margin-right: calc(-4% \/ 2 );\"><div class=\"fusion-layout-column fusion_builder_column fusion-builder-column-4 fusion_builder_column_1_1 1_1 fusion-flex-column mobile-no-padding\"><div class=\"fusion-column-wrapper fusion-flex-justify-content-center fusion-content-layout-column\" style=\"background-position:left top;background-repeat:no-repeat;-webkit-background-size:cover;-moz-background-size:cover;-o-background-size:cover;background-size:cover;padding: 20px 40px 20px 40px;\"><style type=\"text\/css\">@media only screen and (max-width:1024px) {.fusion-title.fusion-title-5{margin-top:10px!important; margin-right:0px!important;margin-bottom:30px!important;margin-left:0px!important;}}@media only screen and (max-width:640px) {.fusion-title.fusion-title-5{margin-top:10px!important; margin-right:0px!important;margin-bottom:10px!important; margin-left:0px!important;}}<\/style><div class=\"fusion-title title fusion-title-5 fusion-sep-none fusion-title-text fusion-title-size-one\" style=\"font-size:32px;margin-top:10px;margin-right:0px;margin-bottom:30px;margin-left:0px;\"><h1 class=\"title-heading-left\" style=\"margin:0;font-size:1em;color:#eaeaea;\">Fahrerimpuls<\/h1><\/div><div class=\"fusion-text fusion-text-4\" style=\"color:#eaeaea;\"><p>Spole\u010dnost Paul Logistik GmbH je jednou ze sedmi spedi\u010dn\u00edch firem v r\u00e1mci iniciativy Fahrerimpuls &#8211; Nastup, je\u010f kamionem. Spole\u010dn\u011b po\u0159\u00e1d\u00e1me akce a \u00fa\u010dastn\u00edme se veletrh\u016f. Pro\u010d? Proto\u017ee spole\u010dn\u011b m\u016f\u017eeme jednodu\u0161e \u0159\u00eddit l\u00e9pe a dos\u00e1hnout v\u00edce pro na\u0161e zam\u011bstnance!<\/p>\n<\/div><\/div><style type=\"text\/css\">.fusion-body .fusion-builder-column-4{width:100% !important;margin-top : 0px;margin-bottom : 20px;}.fusion-builder-column-4 > .fusion-column-wrapper {padding-top : 20px !important;padding-right : 40px !important;margin-right : 1.92%;padding-bottom : 20px !important;padding-left : 40px !important;margin-left : 1.92%;}@media only screen and (max-width:1024px) {.fusion-body .fusion-builder-column-4{width:100% !important;order : 0;}.fusion-builder-column-4 > .fusion-column-wrapper {padding-top : 10% !important;padding-right : 10% !important;margin-right : 1.92%;padding-bottom : 10% !important;padding-left : 10% !important;margin-left : 1.92%;}}@media only screen and (max-width:640px) {.fusion-body .fusion-builder-column-4{width:100% !important;order : 0;}.fusion-builder-column-4 > .fusion-column-wrapper {margin-right : 1.92%;margin-left : 1.92%;}}<\/style><\/div><\/div><style type=\"text\/css\">.fusion-body .fusion-flex-container.fusion-builder-row-3{ padding-top : 20px;margin-top : 0px;padding-right : 0px;padding-bottom : 20px;margin-bottom : 0px;padding-left : 0px;}@media only screen and (max-width:640px) {.fusion-body .fusion-flex-container.fusion-builder-row-3{ padding-top : 0px;padding-right : 0px;padding-bottom : 0px;padding-left : 0px;}}<\/style><\/div><div class=\"fusion-fullwidth fullwidth-box fusion-builder-row-4 fusion-flex-container hundred-percent-fullwidth non-hundred-percent-height-scrolling\" style=\"background-color: rgba(255,255,255,0);background-position: center center;background-repeat: no-repeat;border-width: 0px 0px 0px 0px;border-color:#e2e2e2;border-style:solid;\" ><div class=\"fusion-builder-row fusion-row fusion-flex-align-items-flex-start\" style=\"width:104% !important;max-width:104% !important;margin-left: calc(-4% \/ 2 );margin-right: calc(-4% \/ 2 );\"><div class=\"fusion-layout-column fusion_builder_column fusion-builder-column-5 fusion_builder_column_1_1 1_1 fusion-flex-column\"><div class=\"fusion-column-wrapper fusion-flex-justify-content-flex-start fusion-content-layout-column\" style=\"background-position:left top;background-repeat:no-repeat;-webkit-background-size:cover;-moz-background-size:cover;-o-background-size:cover;background-size:cover;padding: 0px 0px 0px 0px;\"><div class=\"shortcode-map fusion-google-map fusion-maps-embed-type\"><iframe width=\"100%\" height=\"650px\" frameborder=\"0\" style=\"border:0\" src=\"https:\/\/www.google.com\/maps\/embed\/v1\/place?key=AIzaSyCtpkmSv2U98xwI4ayQBvVgOG3hzVO2JUs&language=cs&q=Paul+Logistik+GmbH+Sporbitzer+Ring+4+01259+Dresden&maptype=roadmap&zoom=14\" allowfullscreen><\/iframe><\/div><\/div><style type=\"text\/css\">.fusion-body .fusion-builder-column-5{width:100% !important;margin-top : 0px;margin-bottom : 20px;}.fusion-builder-column-5 > .fusion-column-wrapper {padding-top : 0px !important;padding-right : 0px !important;margin-right : 1.92%;padding-bottom : 0px !important;padding-left : 0px !important;margin-left : 1.92%;}@media only screen and (max-width:1024px) {.fusion-body .fusion-builder-column-5{width:100% !important;order : 0;}.fusion-builder-column-5 > .fusion-column-wrapper {margin-right : 1.92%;margin-left : 1.92%;}}@media only screen and (max-width:640px) {.fusion-body .fusion-builder-column-5{width:100% !important;order : 0;}.fusion-builder-column-5 > .fusion-column-wrapper {margin-right : 1.92%;margin-left : 1.92%;}}<\/style><\/div><\/div><style type=\"text\/css\">.fusion-body .fusion-flex-container.fusion-builder-row-4{ padding-top : 0px;margin-top : 0px;padding-right : 0px;padding-bottom : 0px;margin-bottom : -28px;padding-left : 0px;}<\/style><\/div><\/p>\n","protected":false},"excerpt":{"rendered":"","protected":false},"author":1,"featured_media":0,"parent":0,"menu_order":0,"comment_status":"closed","ping_status":"closed","template":"100-width.php","meta":{"footnotes":""},"class_list":["post-160","page","type-page","status-publish","hentry"],"_links":{"self":[{"href":"https:\/\/paul-logistik.com\/cs\/wp-json\/wp\/v2\/pages\/160","targetHints":{"allow":["GET"]}}],"collection":[{"href":"https:\/\/paul-logistik.com\/cs\/wp-json\/wp\/v2\/pages"}],"about":[{"href":"https:\/\/paul-logistik.com\/cs\/wp-json\/wp\/v2\/types\/page"}],"author":[{"embeddable":true,"href":"https:\/\/paul-logistik.com\/cs\/wp-json\/wp\/v2\/users\/1"}],"replies":[{"embeddable":true,"href":"https:\/\/paul-logistik.com\/cs\/wp-json\/wp\/v2\/comments?post=160"}],"version-history":[{"count":7,"href":"https:\/\/paul-logistik.com\/cs\/wp-json\/wp\/v2\/pages\/160\/revisions"}],"predecessor-version":[{"id":238,"href":"https:\/\/paul-logistik.com\/cs\/wp-json\/wp\/v2\/pages\/160\/revisions\/238"}],"wp:attachment":[{"href":"https:\/\/paul-logistik.com\/cs\/wp-json\/wp\/v2\/media?parent=160"}],"curies":[{"name":"wp","href":"https:\/\/api.w.org\/{rel}","templated":true}]}}